{"id":95,"date":"2026-04-15T19:32:09","date_gmt":"2026-04-15T18:32:09","guid":{"rendered":"https:\/\/wattlibre.fr\/?page_id=95"},"modified":"2026-04-15T19:38:53","modified_gmt":"2026-04-15T18:38:53","slug":"nos-modeles-maitrises","status":"publish","type":"page","link":"https:\/\/wattlibre.fr\/index.php\/nos-modeles-maitrises\/","title":{"rendered":"Nos Mod\u00e8les Ma\u00eetris\u00e9s"},"content":{"rendered":"\n<p>Si votre batterie est dans cette liste, nous pouvons la r\u00e9parer. Si elle n&rsquo;y est pas, il est possible que nous puissions quand m\u00eame la r\u00e9parer (la liste n&rsquo;est pas exhaustive).<\/p>\n\n\n\n<p>Nous contacter pour savoir si c&rsquo;est le cas : 06 70 98 80 07. <\/p>\n\n\n\n<div class=\"wp-block-media-text has-media-on-the-right is-stacked-on-mobile\" style=\"grid-template-columns:auto 44%\"><div class=\"wp-block-media-text__content\">\n<p><strong>SPECIALISTE Batteries VAE BOSCH<\/strong><\/p>\n<\/div><figure class=\"wp-block-media-text__media\"><img loading=\"lazy\" decoding=\"async\" width=\"1024\" height=\"229\" src=\"http:\/\/wattlibre.fr\/wp-content\/uploads\/2026\/04\/Bosch-Logo-scaled-e1775056662213-1024x229.png\" alt=\"\" class=\"wp-image-119 size-full\" srcset=\"https:\/\/wattlibre.fr\/wp-content\/uploads\/2026\/04\/Bosch-Logo-scaled-e1775056662213-1024x229.png 1024w, https:\/\/wattlibre.fr\/wp-content\/uploads\/2026\/04\/Bosch-Logo-scaled-e1775056662213-300x67.png 300w, https:\/\/wattlibre.fr\/wp-content\/uploads\/2026\/04\/Bosch-Logo-scaled-e1775056662213-768x172.png 768w, https:\/\/wattlibre.fr\/wp-content\/uploads\/2026\/04\/Bosch-Logo-scaled-e1775056662213-1536x343.png 1536w, https:\/\/wattlibre.fr\/wp-content\/uploads\/2026\/04\/Bosch-Logo-scaled-e1775056662213-2048x458.png 2048w\" sizes=\"auto, (max-width: 1024px) 100vw, 1024px\" \/><\/figure><\/div>\n\n\n\n<p>Toutes les batteries VAE Bosch sont notre sp\u00e9cialit\u00e9 :<\/p>\n\n\n\n<ul class=\"wp-block-list\">\n<li>Les mod\u00e8les communs (prise Ovale et lumi\u00e8res vertes)<\/li>\n\n\n\n<li>Les anciennes Classic Line (Prise rectangle) <\/li>\n\n\n\n<li>Les Smart System (Prise ronde et lumi\u00e8res Bleues)<\/li>\n<\/ul>\n\n\n\n<p>Pour tous les mod\u00e8les Bosch, Nous pouvons r\u00e9parer et remplacer les pi\u00e8ces :<\/p>\n\n\n\n<ul class=\"wp-block-list\">\n<li>Reconditionnement Cellules : Oui<\/li>\n\n\n\n<li>R\u00e9paration BMS : Oui<\/li>\n\n\n\n<li>Remplacement BMS : Oui<\/li>\n\n\n\n<li>Pi\u00e8ces d&rsquo;occasion disponibles : Oui<\/li>\n\n\n\n<li><strong>Compatible extendeur : Oui<\/strong><\/li>\n<\/ul>\n\n\n\n<figure class=\"wp-block-gallery has-nested-images columns-default is-cropped wp-block-gallery-1 is-layout-flex wp-block-gallery-is-layout-flex\">\n<figure class=\"wp-block-image size-large\"><img loading=\"lazy\" decoding=\"async\" width=\"800\" height=\"800\" data-id=\"112\" src=\"https:\/\/wattlibre.fr\/wp-content\/uploads\/2026\/04\/178909.png\" alt=\"\" class=\"wp-image-112\" srcset=\"https:\/\/wattlibre.fr\/wp-content\/uploads\/2026\/04\/178909.png 800w, https:\/\/wattlibre.fr\/wp-content\/uploads\/2026\/04\/178909-300x300.png 300w, https:\/\/wattlibre.fr\/wp-content\/uploads\/2026\/04\/178909-150x150.png 150w, https:\/\/wattlibre.fr\/wp-content\/uploads\/2026\/04\/178909-768x768.png 768w\" sizes=\"auto, (max-width: 800px) 100vw, 800px\" \/><figcaption class=\"wp-element-caption\">Powerpack Cadre<\/figcaption><\/figure>\n\n\n\n<figure class=\"wp-block-image size-large\"><img loading=\"lazy\" decoding=\"async\" width=\"800\" height=\"800\" data-id=\"114\" src=\"https:\/\/wattlibre.fr\/wp-content\/uploads\/2026\/04\/178908.png\" alt=\"\" class=\"wp-image-114\" srcset=\"https:\/\/wattlibre.fr\/wp-content\/uploads\/2026\/04\/178908.png 800w, https:\/\/wattlibre.fr\/wp-content\/uploads\/2026\/04\/178908-300x300.png 300w, https:\/\/wattlibre.fr\/wp-content\/uploads\/2026\/04\/178908-150x150.png 150w, https:\/\/wattlibre.fr\/wp-content\/uploads\/2026\/04\/178908-768x768.png 768w\" sizes=\"auto, (max-width: 800px) 100vw, 800px\" \/><figcaption class=\"wp-element-caption\">Powerpack Porte-Bagage<\/figcaption><\/figure>\n\n\n\n<figure class=\"wp-block-image size-large\"><img loading=\"lazy\" decoding=\"async\" width=\"500\" height=\"500\" data-id=\"115\" src=\"https:\/\/wattlibre.fr\/wp-content\/uploads\/2026\/04\/bosch-powertube-625-horizontaal-accu-revisie.png\" alt=\"\" class=\"wp-image-115\" srcset=\"https:\/\/wattlibre.fr\/wp-content\/uploads\/2026\/04\/bosch-powertube-625-horizontaal-accu-revisie.png 500w, https:\/\/wattlibre.fr\/wp-content\/uploads\/2026\/04\/bosch-powertube-625-horizontaal-accu-revisie-300x300.png 300w, https:\/\/wattlibre.fr\/wp-content\/uploads\/2026\/04\/bosch-powertube-625-horizontaal-accu-revisie-150x150.png 150w\" sizes=\"auto, (max-width: 500px) 100vw, 500px\" \/><figcaption class=\"wp-element-caption\">Powertube (Normale et Smart System)<\/figcaption><\/figure>\n\n\n\n<figure class=\"wp-block-image size-full\"><img loading=\"lazy\" decoding=\"async\" width=\"540\" height=\"540\" data-id=\"121\" src=\"http:\/\/wattlibre.fr\/wp-content\/uploads\/2026\/04\/bosch-batterie-de-velo-powerpack-400-classic.png\" alt=\"\" class=\"wp-image-121\" srcset=\"https:\/\/wattlibre.fr\/wp-content\/uploads\/2026\/04\/bosch-batterie-de-velo-powerpack-400-classic.png 540w, https:\/\/wattlibre.fr\/wp-content\/uploads\/2026\/04\/bosch-batterie-de-velo-powerpack-400-classic-300x300.png 300w, https:\/\/wattlibre.fr\/wp-content\/uploads\/2026\/04\/bosch-batterie-de-velo-powerpack-400-classic-150x150.png 150w\" sizes=\"auto, (max-width: 540px) 100vw, 540px\" \/><figcaption class=\"wp-element-caption\">Powerpack Classic Line<\/figcaption><\/figure>\n\n\n\n<figure class=\"wp-block-image size-full\"><img loading=\"lazy\" decoding=\"async\" width=\"2557\" height=\"2560\" data-id=\"126\" src=\"http:\/\/wattlibre.fr\/wp-content\/uploads\/2026\/04\/BOSCH400_N002-1-scaled.png\" alt=\"\" class=\"wp-image-126\" srcset=\"https:\/\/wattlibre.fr\/wp-content\/uploads\/2026\/04\/BOSCH400_N002-1-scaled.png 2557w, https:\/\/wattlibre.fr\/wp-content\/uploads\/2026\/04\/BOSCH400_N002-1-300x300.png 300w, https:\/\/wattlibre.fr\/wp-content\/uploads\/2026\/04\/BOSCH400_N002-1-1024x1024.png 1024w, https:\/\/wattlibre.fr\/wp-content\/uploads\/2026\/04\/BOSCH400_N002-1-150x150.png 150w, https:\/\/wattlibre.fr\/wp-content\/uploads\/2026\/04\/BOSCH400_N002-1-768x769.png 768w, https:\/\/wattlibre.fr\/wp-content\/uploads\/2026\/04\/BOSCH400_N002-1-1534x1536.png 1534w, https:\/\/wattlibre.fr\/wp-content\/uploads\/2026\/04\/BOSCH400_N002-1-2045x2048.png 2045w\" sizes=\"auto, (max-width: 2557px) 100vw, 2557px\" \/><figcaption class=\"wp-element-caption\">Powerpack Cadre Classic Line<\/figcaption><\/figure>\n\n\n\n<figure class=\"wp-block-image size-large\"><img loading=\"lazy\" decoding=\"async\" width=\"1000\" height=\"723\" data-id=\"127\" src=\"https:\/\/wattlibre.fr\/wp-content\/uploads\/2026\/04\/bosch-powerpack-545-rahmenakku-bbp3551-das-smarte-system-eb1210004m_a.png\" alt=\"\" class=\"wp-image-127\" srcset=\"https:\/\/wattlibre.fr\/wp-content\/uploads\/2026\/04\/bosch-powerpack-545-rahmenakku-bbp3551-das-smarte-system-eb1210004m_a.png 1000w, https:\/\/wattlibre.fr\/wp-content\/uploads\/2026\/04\/bosch-powerpack-545-rahmenakku-bbp3551-das-smarte-system-eb1210004m_a-300x217.png 300w, https:\/\/wattlibre.fr\/wp-content\/uploads\/2026\/04\/bosch-powerpack-545-rahmenakku-bbp3551-das-smarte-system-eb1210004m_a-768x555.png 768w\" sizes=\"auto, (max-width: 1000px) 100vw, 1000px\" \/><figcaption class=\"wp-element-caption\">Power pack Smart System<\/figcaption><\/figure>\n<\/figure>\n\n\n\n<hr class=\"wp-block-separator has-alpha-channel-opacity\"\/>\n\n\n\n<p class=\"has-text-align-center\"><strong>Batteries autres marques<\/strong><\/p>\n\n\n\n<div class=\"wp-block-media-text is-stacked-on-mobile\"><figure class=\"wp-block-media-text__media\"><img loading=\"lazy\" decoding=\"async\" width=\"375\" height=\"375\" src=\"http:\/\/wattlibre.fr\/wp-content\/uploads\/2026\/04\/Super-Soco.png\" alt=\"\" class=\"wp-image-109 size-full\" srcset=\"https:\/\/wattlibre.fr\/wp-content\/uploads\/2026\/04\/Super-Soco.png 375w, https:\/\/wattlibre.fr\/wp-content\/uploads\/2026\/04\/Super-Soco-300x300.png 300w, https:\/\/wattlibre.fr\/wp-content\/uploads\/2026\/04\/Super-Soco-150x150.png 150w\" sizes=\"auto, (max-width: 375px) 100vw, 375px\" \/><\/figure><div class=\"wp-block-media-text__content\">\n<p><strong>Super SOCO TS, TC, TCmax<\/strong><\/p>\n\n\n\n<ul class=\"wp-block-list\">\n<li>Reconditionnement  : Oui<\/li>\n\n\n\n<li>Remplacement BMS : Oui<\/li>\n\n\n\n<li>Compatible extendeur : Non<\/li>\n<\/ul>\n<\/div><\/div>\n\n\n\n<div class=\"wp-block-media-text is-stacked-on-mobile\"><figure class=\"wp-block-media-text__media\"><img loading=\"lazy\" decoding=\"async\" width=\"800\" height=\"800\" src=\"http:\/\/wattlibre.fr\/wp-content\/uploads\/2026\/04\/Shimano-Steps-E8020.png\" alt=\"\" class=\"wp-image-128 size-full\" srcset=\"https:\/\/wattlibre.fr\/wp-content\/uploads\/2026\/04\/Shimano-Steps-E8020.png 800w, https:\/\/wattlibre.fr\/wp-content\/uploads\/2026\/04\/Shimano-Steps-E8020-300x300.png 300w, https:\/\/wattlibre.fr\/wp-content\/uploads\/2026\/04\/Shimano-Steps-E8020-150x150.png 150w, https:\/\/wattlibre.fr\/wp-content\/uploads\/2026\/04\/Shimano-Steps-E8020-768x768.png 768w\" sizes=\"auto, (max-width: 800px) 100vw, 800px\" \/><\/figure><div class=\"wp-block-media-text__content\">\n<p><strong>Shimano Steps E 8020<\/strong><\/p>\n\n\n\n<ul class=\"wp-block-list\">\n<li>Reconditionnement  : Oui<\/li>\n\n\n\n<li>Compatible extendeur : Oui<\/li>\n<\/ul>\n<\/div><\/div>\n\n\n\n<div class=\"wp-block-media-text is-stacked-on-mobile\"><figure class=\"wp-block-media-text__media\"><img loading=\"lazy\" decoding=\"async\" width=\"500\" height=\"500\" src=\"http:\/\/wattlibre.fr\/wp-content\/uploads\/2026\/04\/1To1-2254128-removebg-preview.png\" alt=\"\" class=\"wp-image-129 size-full\" srcset=\"https:\/\/wattlibre.fr\/wp-content\/uploads\/2026\/04\/1To1-2254128-removebg-preview.png 500w, https:\/\/wattlibre.fr\/wp-content\/uploads\/2026\/04\/1To1-2254128-removebg-preview-300x300.png 300w, https:\/\/wattlibre.fr\/wp-content\/uploads\/2026\/04\/1To1-2254128-removebg-preview-150x150.png 150w\" sizes=\"auto, (max-width: 500px) 100vw, 500px\" \/><\/figure><div class=\"wp-block-media-text__content\">\n<p><strong>Ottobock Genium <\/strong>: Le haut de gamme de la proth\u00e8se de jambe, tr\u00e8s compact et pr\u00e9cis, mais sans aucune prise en charge constructeur au del\u00e0 de 5ans. Nous vous d\u00e9pannons sur ces mod\u00e8les, qui souvent ne veulent plus charger. La partie m\u00e9canique reste la m\u00eame, seules les parties batterie et chargeur sont r\u00e9par\u00e9es.<\/p>\n\n\n\n<ul class=\"wp-block-list\">\n<li>Reconditionnement  : Oui<\/li>\n\n\n\n<li>R\u00e9paration chargeur : Oui<\/li>\n<\/ul>\n<\/div><\/div>\n\n\n\n<div class=\"wp-block-media-text is-stacked-on-mobile\"><figure class=\"wp-block-media-text__media\"><img loading=\"lazy\" decoding=\"async\" width=\"623\" height=\"400\" src=\"http:\/\/wattlibre.fr\/wp-content\/uploads\/2026\/04\/update-removebg-preview.png\" alt=\"\" class=\"wp-image-132 size-full\" srcset=\"https:\/\/wattlibre.fr\/wp-content\/uploads\/2026\/04\/update-removebg-preview.png 623w, https:\/\/wattlibre.fr\/wp-content\/uploads\/2026\/04\/update-removebg-preview-300x193.png 300w\" sizes=\"auto, (max-width: 623px) 100vw, 623px\" \/><\/figure><div class=\"wp-block-media-text__content\">\n<p><strong>Batterie style \u00ab\u00a0Hailong\u00a0\u00bb :<\/strong> Un classique des batteries d&rsquo;entr\u00e9e de gamme. Nous pouvons les r\u00e9parer avec des pi\u00e8ces haut de gamme, pour augmenter leur dur\u00e9e de vie au maximum.<\/p>\n\n\n\n<ul class=\"wp-block-list\">\n<li>Reconditionnement : Oui<\/li>\n\n\n\n<li>Remplacement BMS : Oui<\/li>\n\n\n\n<li>Compatible extendeur : Oui <\/li>\n<\/ul>\n<\/div><\/div>\n\n\n\n<div class=\"wp-block-media-text is-stacked-on-mobile\"><figure class=\"wp-block-media-text__media\"><img loading=\"lazy\" decoding=\"async\" width=\"500\" height=\"500\" src=\"http:\/\/wattlibre.fr\/wp-content\/uploads\/2026\/04\/XH370-10J_N002-removebg-preview.png\" alt=\"\" class=\"wp-image-134 size-full\" srcset=\"https:\/\/wattlibre.fr\/wp-content\/uploads\/2026\/04\/XH370-10J_N002-removebg-preview.png 500w, https:\/\/wattlibre.fr\/wp-content\/uploads\/2026\/04\/XH370-10J_N002-removebg-preview-300x300.png 300w, https:\/\/wattlibre.fr\/wp-content\/uploads\/2026\/04\/XH370-10J_N002-removebg-preview-150x150.png 150w\" sizes=\"auto, (max-width: 500px) 100vw, 500px\" \/><\/figure><div class=\"wp-block-media-text__content\">\n<p><strong>Batterie style \u00ab\u00a0Phylion\u00a0\u00bb rectangle :<\/strong> Un classique \u00e9galement, qui se glisse derri\u00e8re la tige de selle. Nous pouvons les r\u00e9parer avec des pi\u00e8ces haut de gamme, pour augmenter leur dur\u00e9e de vie au maximum.<\/p>\n\n\n\n<ul class=\"wp-block-list\">\n<li>Reconditionnement : Oui<\/li>\n\n\n\n<li>Remplacement BMS : Oui<\/li>\n\n\n\n<li>Compatible extendeur : Oui <\/li>\n<\/ul>\n<\/div><\/div>\n\n\n\n<div class=\"wp-block-media-text is-stacked-on-mobile\"><figure class=\"wp-block-media-text__media\"><img loading=\"lazy\" decoding=\"async\" width=\"697\" height=\"358\" src=\"http:\/\/wattlibre.fr\/wp-content\/uploads\/2026\/04\/51vuxD5ZDL._AC_UF1000_1000_QL80_-removebg-preview.png\" alt=\"\" class=\"wp-image-133 size-full\" srcset=\"https:\/\/wattlibre.fr\/wp-content\/uploads\/2026\/04\/51vuxD5ZDL._AC_UF1000_1000_QL80_-removebg-preview.png 697w, https:\/\/wattlibre.fr\/wp-content\/uploads\/2026\/04\/51vuxD5ZDL._AC_UF1000_1000_QL80_-removebg-preview-300x154.png 300w\" sizes=\"auto, (max-width: 697px) 100vw, 697px\" \/><\/figure><div class=\"wp-block-media-text__content\">\n<p><strong>Batterie style \u00ab\u00a0Phylion\u00a0\u00bb Carr\u00e9e :<\/strong> Comme ci-dessus, mais en version plus fine. Nous pouvons les r\u00e9parer avec des pi\u00e8ces haut de gamme, pour augmenter leur dur\u00e9e de vie au maximum.<\/p>\n\n\n\n<ul class=\"wp-block-list\">\n<li>Reconditionnement : Oui<\/li>\n\n\n\n<li>Remplacement BMS : Oui<\/li>\n\n\n\n<li>Compatible extendeur : Oui <\/li>\n<\/ul>\n<\/div><\/div>\n\n\n\n<div class=\"wp-block-media-text is-stacked-on-mobile\"><figure class=\"wp-block-media-text__media\"><img loading=\"lazy\" decoding=\"async\" width=\"434\" height=\"279\" src=\"http:\/\/wattlibre.fr\/wp-content\/uploads\/2026\/04\/Peugeot_iOn-01_2x-removebg-preview-e1776277862794.png\" alt=\"\" class=\"wp-image-137 size-full\" srcset=\"https:\/\/wattlibre.fr\/wp-content\/uploads\/2026\/04\/Peugeot_iOn-01_2x-removebg-preview-e1776277862794.png 434w, https:\/\/wattlibre.fr\/wp-content\/uploads\/2026\/04\/Peugeot_iOn-01_2x-removebg-preview-e1776277862794-300x193.png 300w\" sizes=\"auto, (max-width: 434px) 100vw, 434px\" \/><\/figure><div class=\"wp-block-media-text__content\">\n<p><strong>Peugeot Ion \/ Citro\u00ebn C0 \/ Mitsubishi I-Miev<\/strong> : En cas de panne chargeur, nous les r\u00e9parons, beaucoup moins cher qu&rsquo;un remplacement. Nous avons \u00e9galement de quoi faire un test de capacit\u00e9 batterie, tr\u00e8s utile pour la revente. <\/p>\n\n\n\n<ul class=\"wp-block-list\">\n<li>R\u00e9paration Chargeur : Oui<\/li>\n\n\n\n<li>Test capacit\u00e9 : Oui<\/li>\n<\/ul>\n<\/div><\/div>\n\n\n\n<p><\/p>\n","protected":false},"excerpt":{"rendered":"<p>Si votre batterie est dans cette liste, nous pouvons la r\u00e9parer. Si elle n&rsquo;y est pas, il est possible que nous puissions quand m\u00eame la r\u00e9parer (la liste n&rsquo;est pas exhaustive). Nous contacter pour savoir si c&rsquo;est le cas : 06 70 98 80 07. SPECIALISTE Batteries VAE BOSCH Toutes les batteries VAE Bosch sont [&hellip;]<\/p>\n","protected":false},"author":1,"featured_media":0,"parent":0,"menu_order":0,"comment_status":"closed","ping_status":"closed","template":"","meta":{"footnotes":""},"class_list":["post-95","page","type-page","status-publish","hentry"],"_links":{"self":[{"href":"https:\/\/wattlibre.fr\/index.php\/wp-json\/wp\/v2\/pages\/95","targetHints":{"allow":["GET"]}}],"collection":[{"href":"https:\/\/wattlibre.fr\/index.php\/wp-json\/wp\/v2\/pages"}],"about":[{"href":"https:\/\/wattlibre.fr\/index.php\/wp-json\/wp\/v2\/types\/page"}],"author":[{"embeddable":true,"href":"https:\/\/wattlibre.fr\/index.php\/wp-json\/wp\/v2\/users\/1"}],"replies":[{"embeddable":true,"href":"https:\/\/wattlibre.fr\/index.php\/wp-json\/wp\/v2\/comments?post=95"}],"version-history":[{"count":9,"href":"https:\/\/wattlibre.fr\/index.php\/wp-json\/wp\/v2\/pages\/95\/revisions"}],"predecessor-version":[{"id":142,"href":"https:\/\/wattlibre.fr\/index.php\/wp-json\/wp\/v2\/pages\/95\/revisions\/142"}],"wp:attachment":[{"href":"https:\/\/wattlibre.fr\/index.php\/wp-json\/wp\/v2\/media?parent=95"}],"curies":[{"name":"wp","href":"https:\/\/api.w.org\/{rel}","templated":true}]}}