{"id":3,"date":"2026-02-10T14:04:50","date_gmt":"2026-02-10T14:04:50","guid":{"rendered":"http:\/\/wattlibre.fr\/?page_id=3"},"modified":"2026-03-21T15:34:38","modified_gmt":"2026-03-21T14:34:38","slug":"privacy-policy","status":"publish","type":"page","link":"https:\/\/wattlibre.fr\/index.php\/privacy-policy\/","title":{"rendered":"Politique de confidentialit\u00e9 de www.wattlibre.fr"},"content":{"rendered":"\n<p><br>Derni\u00e8re mise \u00e0 jour&nbsp;: 21\/03\/2026<\/p>\n\n\n\n<p>Nous sommes Watt Libre chez Mine de Talents. La pr\u00e9sente politique de confidentialit\u00e9 d\u00e9crit la fa\u00e7on dont nous recueillons, utilisons et prot\u00e9geons vos informations personnelles lorsque vous utilisez nos services.&nbsp;<\/p>\n\n\n\n<p>Vous pouvez nous contacter gr\u00e2ce au formulaire de contact.<\/p>\n\n\n\n<h2 class=\"wp-block-heading\">Table des mati\u00e8res<\/h2>\n\n\n\n<ul class=\"wp-block-list\">\n<li>Introduction<\/li>\n\n\n\n<li>Coordonn\u00e9es<\/li>\n\n\n\n<li>Types de donn\u00e9es collect\u00e9es<\/li>\n\n\n\n<li>Mode et lieu de traitement des donn\u00e9es personnelles<\/li>\n\n\n\n<li>Informations d\u00e9taill\u00e9es sur le traitement des donn\u00e9es personnelles<\/li>\n\n\n\n<li>Informations compl\u00e9mentaires<\/li>\n\n\n\n<li>Vos droits d\u00e9coulant du r\u00e8glement g\u00e9n\u00e9ral sur la protection des donn\u00e9es (RGPD)<\/li>\n<\/ul>\n\n\n\n<h2 class=\"wp-block-heading\">Introduction<\/h2>\n\n\n\n<p><br><strong>Quel est l\u2019objet de la pr\u00e9sente politique&nbsp;?<\/strong><br>Le pr\u00e9sent document explique comment ce site collecte, utilise et prot\u00e8ge vos donn\u00e9es personnelles afin d\u2019accomplir les finalit\u00e9s mentionn\u00e9es dans ce document.<br><br><strong>Qu&rsquo;entend-on par donn\u00e9es personnelles&nbsp;?<\/strong><br>L\u2019expression \u00ab&nbsp;donn\u00e9es personnelles&nbsp;\u00bb d\u00e9signe des informations qui peuvent \u00eatre utilis\u00e9es pour vous identifier directement ou indirectement. Il s\u2019agit notamment d\u2019informations telles que le pr\u00e9nom, le nom de famille, l\u2019adresse \u00e9lectronique, les technologies de tra\u00e7age (telles que les cookies ou pixels invisibles), l\u2019activit\u00e9 de l\u2019utilisateur et les informations relatives \u00e0 l\u2019appareil. Vous trouverez des informations d\u00e9taill\u00e9es sur chacun des types de donn\u00e9es personnelles collect\u00e9es dans les sections de la pr\u00e9sente politique de confidentialit\u00e9 qui leur sont consacr\u00e9es ou dans un texte affich\u00e9 avant que les donn\u00e9es ne soient collect\u00e9es.<br><br><a><\/a><a><\/a><a>Le pr\u00e9sent document a \u00e9t\u00e9 cr\u00e9\u00e9 en utilisant le <\/a><a href=\"https:\/\/www.iubenda.com\/fr\/help\/105853\">mod\u00e8le de politique de confidentialit\u00e9<\/a>.<\/p>\n\n\n\n<h2 class=\"wp-block-heading\">Coordonn\u00e9es<\/h2>\n\n\n\n<p><br><strong>Adresse&nbsp;:<\/strong><br>Watt Libre chez Mine de Talents<\/p>\n\n\n\n<p>30100 Al\u00e8s<\/p>\n\n\n\n<p>France<\/p>\n\n\n\n<p><strong>N\u00b0 de t\u00e9l\u00e9phone&nbsp;:<\/strong> +33(0)6 70 98 80 07<\/p>\n\n\n\n<h2 class=\"wp-block-heading\">Types de donn\u00e9es collect\u00e9es<\/h2>\n\n\n\n<p><br>Les types de donn\u00e9es personnelles que ce site collecte, directement ou en recourant \u00e0 des tiers, peuvent \u00eatre notamment les suivants&nbsp;:&nbsp;<\/p>\n\n\n\n<ul class=\"wp-block-list\">\n<li>pr\u00e9nom\u00a0;\u00a0<\/li>\n\n\n\n<li>nom\u00a0;\u00a0<\/li>\n\n\n\n<li>adresse \u00e9lectronique\u00a0;<\/li>\n\n\n\n<li>Num\u00e9ro de t\u00e9l\u00e9phone\u00a0;\u00a0<\/li>\n\n\n\n<li>traqueurs\u00a0;\u00a0<\/li>\n\n\n\n<li>donn\u00e9es d\u2019utilisation\u00a0;<\/li>\n<\/ul>\n\n\n\n<p>Les d\u00e9tails complets sur chaque type de donn\u00e9es personnelles collect\u00e9es sont fournis dans les sections de la pr\u00e9sente politique de confidentialit\u00e9 qui leur sont consacr\u00e9es ou par des textes d\u2019explication sp\u00e9cifiques publi\u00e9s avant la collecte des donn\u00e9es. Les donn\u00e9es personnelles peuvent \u00eatre librement fournies par vous ou, dans le cas des donn\u00e9es d\u2019utilisation, \u00eatre collect\u00e9es automatiquement lorsque vous utilisez ce site. Sauf indication contraire, toutes les donn\u00e9es demand\u00e9es par ce site sont obligatoires et leur absence peut rendre impossible la fourniture des services par ce site.&nbsp;<\/p>\n\n\n\n<p>Dans les cas o\u00f9 ce site pr\u00e9cise que certaines donn\u00e9es personnelles ne sont pas obligatoires, vous \u00eates libre de ne pas les communiquer sans entra\u00eener de cons\u00e9quences sur la disponibilit\u00e9 ou le fonctionnement du service.&nbsp;<\/p>\n\n\n\n<p>Toute utilisation de cookies \u2013 ou d\u2019autres outils de suivi \u2013 par ce site ou par les propri\u00e9taires de services tiers utilis\u00e9s par ce site vise \u00e0 fournir le service que vous avez demand\u00e9, outre les autres finalit\u00e9s d\u00e9crites dans le pr\u00e9sent document.<\/p>\n\n\n\n<p>Vous \u00eates responsable de toute donn\u00e9e personnelle de tiers obtenue, publi\u00e9e ou communiqu\u00e9e par l\u2019interm\u00e9diaire de ce site.<\/p>\n\n\n\n<h2 class=\"wp-block-heading\">Mode et lieu de traitement des donn\u00e9es personnelles<\/h2>\n\n\n\n<p><br><strong>M\u00e9thodes de traitement<\/strong><\/p>\n\n\n\n<p>Nous prenons des mesures de s\u00e9curit\u00e9 appropri\u00e9es afin d\u2019emp\u00eacher l\u2019acc\u00e8s, la divulgation, la modification ou la destruction non autoris\u00e9s des donn\u00e9es. Le traitement des donn\u00e9es est effectu\u00e9 \u00e0 l\u2019aide d\u2019ordinateurs ou d\u2019outils informatiques, en suivant des proc\u00e9dures et des modes organisationnels strictement li\u00e9s aux finalit\u00e9s indiqu\u00e9es.&nbsp;<\/p>\n\n\n\n<p>Dans certains cas, les donn\u00e9es peuvent \u00eatre accessibles non seulement \u00e0 nous mais \u00e9galement \u00e0 certains types de personnes charg\u00e9es de la gestion de ce site ou y participant (par exemple&nbsp;: administration, \u00e9quipe de vente, \u00e9quipe marketing, service juridique).<\/p>\n\n\n\n<p>Les donn\u00e9es peuvent \u00e9galement \u00eatre accessibles \u00e0 des parties externes que nous avons d\u00e9sign\u00e9es, le cas \u00e9ch\u00e9ant, comme sous-traitants.&nbsp;<\/p>\n\n\n\n<p>La liste \u00e0 jour de ces parties peut nous \u00eatre demand\u00e9e \u00e0 tout moment en nous contactant aux coordonn\u00e9es indiqu\u00e9es dans le pr\u00e9sent document.<\/p>\n\n\n\n<p><strong>Lieu de traitement<\/strong><\/p>\n\n\n\n<p>Les donn\u00e9es sont trait\u00e9es \u00e0 notre si\u00e8ge et dans tous les autres lieux o\u00f9 sont situ\u00e9es les parties intervenant dans le traitement. Selon votre localisation, les transferts de donn\u00e9es peuvent entra\u00eener le transfert de vos donn\u00e9es vers un pays autre que le v\u00f4tre. Pour en savoir plus sur le lieu de traitement de ces donn\u00e9es transf\u00e9r\u00e9es, vous pouvez consulter la section qui contient des d\u00e9tails sur le traitement des donn\u00e9es personnelles.<\/p>\n\n\n\n<p><strong>Temps de conservation<\/strong><\/p>\n\n\n\n<p>Sauf indication contraire du pr\u00e9sent document, les donn\u00e9es personnelles sont trait\u00e9es et conserv\u00e9es aussi longtemps que requis pour la finalit\u00e9 pour laquelle elles ont \u00e9t\u00e9 collect\u00e9es et peuvent \u00eatre conserv\u00e9es plus longtemps du fait d\u2019une obligation l\u00e9gale applicable ou sur la base de votre consentement.<\/p>\n\n\n\n<h2 class=\"wp-block-heading\">Informations d\u00e9taill\u00e9es sur le traitement des donn\u00e9es personnelles<\/h2>\n\n\n\n<p><br>Vos donn\u00e9es personnelles sont collect\u00e9es afin de nous permettre de fournir notre service, de remplir nos obligations l\u00e9gales, de r\u00e9pondre aux demandes d\u2019application de la loi, de prot\u00e9ger nos droits et int\u00e9r\u00eats (ou les v\u00f4tres ou ceux de tiers), de d\u00e9tecter toute activit\u00e9 malveillante ou frauduleuse, ainsi que pour les finalit\u00e9s mentionn\u00e9es ci-dessous&nbsp;:<\/p>\n\n\n\n<h3 class=\"wp-block-heading\">Analyses<\/h3>\n\n\n\n<p><br>Les services que contient cette section nous permettent de surveiller et d\u2019analyser le trafic Web et de suivre l\u2019\u00e9volution de votre comportement.<\/p>\n\n\n\n<h4 class=\"wp-block-heading\">Google Analytics (Universal Analytics) (Google LLC)<\/h4>\n\n\n\n<p><br>Google Analytics (Universal Analytics) est un service d\u2019analyse Web fourni par Google LLC (\u00ab&nbsp;Google \u00bb). Google utilise les donn\u00e9es collect\u00e9es pour suivre et analyser l\u2019utilisation de ce site, pr\u00e9parer des rapports sur ses activit\u00e9s et les partager avec d\u2019autres services Google. Google peut utiliser les donn\u00e9es collect\u00e9es pour contextualiser et personnaliser les publicit\u00e9s de son propre r\u00e9seau publicitaire.&nbsp;<\/p>\n\n\n\n<p>Pour comprendre l\u2019utilisation des donn\u00e9es par Google, consultez sa <a href=\"https:\/\/policies.google.com\/technologies\/partner-sites\">politique concernant les partenaires<\/a> et sa <a href=\"https:\/\/business.safety.google\/privacy\/\">page sur les donn\u00e9es d\u2019entreprise<\/a>.<\/p>\n\n\n\n<p><strong>Donn\u00e9es personnelles trait\u00e9es :<\/strong> traqueurs&nbsp;; donn\u00e9es d&rsquo;utilisation&nbsp;<\/p>\n\n\n\n<p><strong>Lieu de traitement : <\/strong>\u00c9tats-Unis&nbsp;<\/p>\n\n\n\n<p><strong>Politique de confidentialit\u00e9&nbsp;:<\/strong> <a href=\"https:\/\/business.safety.google\/privacy\/\">https:\/\/business.safety.google\/privacy\/<\/a><\/p>\n\n\n\n<p><strong>Lien de d\u00e9sactivation&nbsp;:<\/strong> <a href=\"https:\/\/tools.google.com\/dlpage\/gaoptout\">https:\/\/tools.google.com\/dlpage\/gaoptout<\/a><\/p>\n\n\n\n<p>Cat\u00e9gorie d&rsquo;informations personnelles recueillies selon la loi CCPA : informations relatives \u00e0 l&rsquo;activit\u00e9 sur internet ou sur tout autre r\u00e9seau \u00e9lectronique. Ce traitement constitue une vente au sens des lois CCPA, VCDPA, CPA, CTDPA et UCPA.<\/p>\n\n\n\n<h3 class=\"wp-block-heading\">Affichage de contenus \u00e0 partir de plateformes externes<\/h3>\n\n\n\n<p><br>Ce type de services vous permet de visualiser et d\u2019interagir avec le contenu h\u00e9berg\u00e9 sur des plateformes externes directement \u00e0 partir des pages de ce site.&nbsp; Ces services sont souvent appel\u00e9s des widgets. Il s\u2019agit de petits \u00e9l\u00e9ments plac\u00e9s sur un site Web ou sur une application. Ils fournissent certaines informations ou ex\u00e9cutent une fonction particuli\u00e8re et permettent souvent une interaction avec l\u2019utilisateur. Si un tel service est install\u00e9, il peut toujours collecter les donn\u00e9es relatives au trafic Web des pages, m\u00eame si vous ne l\u2019utilisez pas.<\/p>\n\n\n\n<h4 class=\"wp-block-heading\">Google Fonts (Google LLC)<\/h4>\n\n\n\n<p><br>Google Fonts est un service de visualisation de polices de caract\u00e8res fourni par Google LLC qui permet \u00e0 ce site d&rsquo;incorporer un contenu de cette nature sur ses pages.<\/p>\n\n\n\n<p>Pour comprendre l\u2019utilisation des donn\u00e9es par Google, consultez sa <a href=\"https:\/\/policies.google.com\/technologies\/partner-sites\">politique concernant les partenaires<\/a> et sa <a href=\"https:\/\/business.safety.google\/privacy\/\">page sur les donn\u00e9es d\u2019entreprise<\/a>.<\/p>\n\n\n\n<p><strong>Donn\u00e9es personnelles trait\u00e9es :<\/strong> traqueurs&nbsp;; donn\u00e9es d&rsquo;utilisation&nbsp;<\/p>\n\n\n\n<p><strong>Lieu de traitement : <\/strong>\u00c9tats-Unis<\/p>\n\n\n\n<p><strong>Politique de confidentialit\u00e9&nbsp;:<\/strong> <a href=\"https:\/\/business.safety.google\/privacy\/\">https:\/\/business.safety.google\/privacy\/<\/a><\/p>\n\n\n\n<p><strong>Lien de d\u00e9sactivation&nbsp;:<\/strong> <a href=\"https:\/\/tools.google.com\/dlpage\/gaoptout\">https:\/\/tools.google.com\/dlpage\/gaoptout<\/a><\/p>\n\n\n\n<p>Cat\u00e9gorie d&rsquo;informations personnelles recueillies selon la loi CCPA : informations relatives \u00e0 l&rsquo;activit\u00e9 sur internet ou sur tout autre r\u00e9seau \u00e9lectronique.&nbsp;<\/p>\n\n\n\n<h3 class=\"wp-block-heading\">Vous contacter<\/h3>\n\n\n\n<h4 class=\"wp-block-heading\">Formulaire de contact (ce site)<\/h4>\n\n\n\n<p><br>En remplissant le formulaire de contact avec vos donn\u00e9es, vous autorisez ce site \u00e0 utiliser ces renseignements pour r\u00e9pondre \u00e0 vos demandes d&rsquo;information, de devis ou \u00e0 toute autre demande indiqu\u00e9e par l&rsquo;en-t\u00eate du formulaire.<\/p>\n\n\n\n<p>Donn\u00e9es personnelles trait\u00e9es : adresse \u00e9lectronique&nbsp;; pr\u00e9nom&nbsp;; nom<\/p>\n\n\n\n<p>Cat\u00e9gorie d\u2019informations personnelles recueillies selon la loi CCPA : identifiants. Ce traitement constitue une vente au sens des lois CCPA, VCDPA, CPA, CTDPA et UCPA.<\/p>\n\n\n\n<h2 class=\"wp-block-heading\">Informations compl\u00e9mentaires<\/h2>\n\n\n\n<p><br><strong>Base juridique du traitement<\/strong><\/p>\n\n\n\n<p>Nous pouvons traiter des donn\u00e9es personnelles vous concernant si vous avez donn\u00e9 votre consentement ou pour une ou plusieurs finalit\u00e9s sp\u00e9cifiques&nbsp;:<\/p>\n\n\n\n<ul class=\"wp-block-list\">\n<li>la fourniture de donn\u00e9es est n\u00e9cessaire pour l&rsquo;ex\u00e9cution d\u2019un accord avec vous et\/ou pour toute obligation pr\u00e9contractuelle de celui-ci\u00a0;<\/li>\n\n\n\n<li>le traitement est n\u00e9cessaire pour se conformer \u00e0 une obligation l\u00e9gale \u00e0 laquelle nous sommes soumis ;<\/li>\n\n\n\n<li>le traitement est li\u00e9 \u00e0 une t\u00e2che effectu\u00e9e dans l&rsquo;int\u00e9r\u00eat public ou dans l&rsquo;exercice de l&rsquo;autorit\u00e9 publique qui nous est d\u00e9volue\u00a0;<\/li>\n\n\n\n<li>le traitement est n\u00e9cessaire aux fins des int\u00e9r\u00eats l\u00e9gitimes poursuivis par nous ou par un tiers.<\/li>\n<\/ul>\n\n\n\n<p>Dans tous les cas, nous vous aiderons volontiers \u00e0 clarifier la base juridique sp\u00e9cifique qui s&rsquo;applique au traitement, et en particulier si la fourniture de donn\u00e9es personnelles est une exigence l\u00e9gale ou contractuelle, ou une exigence n\u00e9cessaire pour conclure un contrat.<\/p>\n\n\n\n<p><strong>Comprendre pendant combien de temps nous conservons vos informations<\/strong><\/p>\n\n\n\n<p>Lorsque nous collectons vos informations personnelles, nous les conservons aussi longtemps que n\u00e9cessaire pour les finalit\u00e9s pour lesquelles nous les avons collect\u00e9es. Parfois, il est possible que nous devions conserver vos informations personnelles plus longtemps du fait d\u2019une obligation l\u00e9gale ou sur la base de votre consentement.&nbsp;<\/p>\n\n\n\n<p>Voici plus en d\u00e9tail ce que cela signifie. Nous conserverons vos informations personnelles sur la base des finalit\u00e9s et des motifs mentionn\u00e9s ci-dessous&nbsp;:&nbsp;&nbsp;<\/p>\n\n\n\n<ul class=\"wp-block-list\">\n<li><strong>pour des finalit\u00e9s contractuelles\u00a0:<\/strong> si nous avons conclu un contrat avec vous, nous conserverons vos informations jusqu&rsquo;\u00e0 l\u2019ex\u00e9cution totale du contrat.<\/li>\n\n\n\n<li><strong>pour nos int\u00e9r\u00eats l\u00e9gitimes\u00a0<\/strong>: si nous utilisons vos informations personnelles pour des finalit\u00e9s qui sont n\u00e9cessaires et li\u00e9es \u00e0 nos activit\u00e9s, nous les conserverons aussi longtemps que nous en aurons besoin pour ces finalit\u00e9s. Vous pouvez en savoir plus sur ces finalit\u00e9s en consultant les sections correspondantes du pr\u00e9sent document ou en nous contactant.\u00a0<\/li>\n\n\n\n<li><strong>avec votre consentement\u00a0<\/strong>:\u00a0nous pouvons \u00eatre autoris\u00e9s \u00e0 conserver des donn\u00e9es personnelles plus longtemps chaque fois que vous avez donn\u00e9 votre consentement \u00e0 un tel traitement, sauf si vous retirez votre consentement.\u00a0<\/li>\n\n\n\n<li><strong>obligations l\u00e9gales<\/strong>\u00a0: nous pouvons \u00eatre oblig\u00e9s de conserver des donn\u00e9es personnelles plus longtemps chaque fois que cela est requis pour satisfaire \u00e0 une obligation l\u00e9gale ou sur ordre d&rsquo;une autorit\u00e9<strong>.<\/strong>\u00a0<\/li>\n<\/ul>\n\n\n\n<p><a>Une fois la p\u00e9riode de conservation expir\u00e9e, vos donn\u00e9es personnelles seront supprim\u00e9es. Par cons\u00e9quent, le droit d&rsquo;acc\u00e8s, le droit d&rsquo;effacement, le droit de rectification et le droit \u00e0 la portabilit\u00e9 des donn\u00e9es ne peuvent \u00eatre appliqu\u00e9s apr\u00e8s l&rsquo;expiration de la p\u00e9riode de conservation<\/a>.<\/p>\n\n\n\n<h2 class=\"wp-block-heading\">Vos droits d\u00e9coulant du r\u00e8glement g\u00e9n\u00e9ral sur la protection des donn\u00e9es (RGPD)<\/h2>\n\n\n\n<p><br>Vous pouvez exercer certains droits concernant vos donn\u00e9es que nous traitons. Vous avez notamment le droit de faire ce qui suit, dans la mesure o\u00f9 la loi le permet&nbsp;:<\/p>\n\n\n\n<ul class=\"wp-block-list\">\n<li><strong>Retirer votre consentement \u00e0 tout moment. <\/strong>Vous avez le droit de retirer votre consentement si vous avez d\u00e9j\u00e0 consenti au traitement de vos donn\u00e9es personnelles.<\/li>\n\n\n\n<li><strong>Vous opposer au traitement de vos donn\u00e9es. <\/strong>Vous avez le droit de vous opposer au traitement de vos donn\u00e9es si le traitement est effectu\u00e9 sur une base juridique autre que le consentement.<ul><li>Si vos donn\u00e9es personnelles sont trait\u00e9es dans l\u2019int\u00e9r\u00eat public, par une autorit\u00e9 publique ou pour nos int\u00e9r\u00eats commerciaux l\u00e9gitimes, vous pouvez vous y opposer en fournissant un motif li\u00e9 \u00e0 votre situation particuli\u00e8re.<\/li><\/ul>\n<ul class=\"wp-block-list\">\n<li>Cependant, si vos donn\u00e9es personnelles sont trait\u00e9es \u00e0 des fins de prospection commerciale, vous pouvez vous y opposer \u00e0 tout moment, sans frais et sans aucun motif. En cas d\u2019opposition, nous cesserons d&rsquo;utiliser vos donn\u00e9es personnelles \u00e0 des fins de prospection. Pour savoir si nous utilisons vos donn\u00e9es \u00e0 des fins de prospection commerciale, veuillez vous reporter aux sections correspondantes du pr\u00e9sent document.<\/li>\n<\/ul>\n<\/li>\n\n\n\n<li><strong>Acc\u00e9der \u00e0 vos donn\u00e9es. <\/strong>Vous avez le droit de savoir si nous traitons des donn\u00e9es, d&rsquo;obtenir des informations sur certains aspects du traitement et d&rsquo;obtenir une copie des donn\u00e9es en cours de traitement.<\/li>\n\n\n\n<li><strong>V\u00e9rifier et obtenir une rectification. <\/strong>Vous avez le droit de v\u00e9rifier l&rsquo;exactitude de vos donn\u00e9es et de demander qu&rsquo;elles soient mises \u00e0 jour ou corrig\u00e9es.<\/li>\n\n\n\n<li><strong>Limiter le traitement de vos donn\u00e9es. <\/strong>Vous avez le droit de limiter le traitement de vos donn\u00e9es. Dans ce cas, nous traiterons vos donn\u00e9es uniquement pour les stocker.<\/li>\n\n\n\n<li><strong>Faire supprimer ou effacer vos donn\u00e9es personnelles. <\/strong>Vous avez le droit d&rsquo;obtenir l&rsquo;effacement de vos donn\u00e9es aupr\u00e8s de nous.<\/li>\n\n\n\n<li><strong>R\u00e9cup\u00e9rer vos donn\u00e9es et les faire transf\u00e9rer \u00e0 un autre responsable du traitement. <\/strong>Vous avez le droit de r\u00e9cup\u00e9rer vos donn\u00e9es dans un format structur\u00e9, couramment utilis\u00e9 et lisible par machine et, si cela est techniquement possible, de les faire transmettre \u00e0 un autre responsable du traitement sans obstacle d&rsquo;aucune sorte.<\/li>\n\n\n\n<li><strong>Introduire une r\u00e9clamation. <\/strong>Vous avez le droit d\u2019introduire une r\u00e9clamation aupr\u00e8s de votre autorit\u00e9 comp\u00e9tente en mati\u00e8re de protection des donn\u00e9es.<\/li>\n\n\n\n<li><strong>Conna\u00eetre la raison des transferts de donn\u00e9es. <\/strong>Vous avez \u00e9galement le droit de conna\u00eetre la base juridique des transferts de donn\u00e9es vers tout pays \u00e9tranger et notamment vers toute organisation internationale r\u00e9gie par le droit international public ou cr\u00e9\u00e9e par deux pays ou plus, comme l&rsquo;ONU.\u00a0<\/li>\n\n\n\n<li><strong>Conna\u00eetre les mesures de s\u00e9curit\u00e9.<\/strong> Vous avez le droit de conna\u00eetre les mesures de s\u00e9curit\u00e9 que nous prenons pour prot\u00e9ger vos donn\u00e9es.<\/li>\n<\/ul>\n\n\n\n<h3 class=\"wp-block-heading\">Comment exercer ces droits<\/h3>\n\n\n\n<p><br>Toute demande d&rsquo;exercice de vos droits peut nous \u00eatre adress\u00e9e.&nbsp;Vous trouverez nos coordonn\u00e9es compl\u00e8tes au d\u00e9but du pr\u00e9sent document.<\/p>\n\n\n\n<p>Ces demandes peuvent \u00eatre exerc\u00e9es gratuitement et nous y r\u00e9pondrons le plus t\u00f4t possible, en vous apportant les informations requises par la loi.&nbsp;<\/p>\n\n\n\n<p>Nous communiquerons toute rectification ou tout effacement de donn\u00e9es personnelles ou toute limitation du traitement \u00e0 chaque destinataire auquel les donn\u00e9es personnelles ont \u00e9t\u00e9 communiqu\u00e9es, le cas \u00e9ch\u00e9ant, sauf si cela s\u2019av\u00e8re impossible ou implique un effort disproportionn\u00e9. \u00c0 votre demande, nous vous renseignerons sur ces destinataires.<\/p>\n","protected":false},"excerpt":{"rendered":"<p>Derni\u00e8re mise \u00e0 jour&nbsp;: 21\/03\/2026 Nous sommes Watt Libre chez Mine de Talents. La pr\u00e9sente politique de confidentialit\u00e9 d\u00e9crit la fa\u00e7on dont nous recueillons, utilisons et prot\u00e9geons vos informations personnelles lorsque vous utilisez nos services.&nbsp; Vous pouvez nous contacter gr\u00e2ce au formulaire de contact. Table des mati\u00e8res Introduction Quel est l\u2019objet de la pr\u00e9sente politique&nbsp;?Le [&hellip;]<\/p>\n","protected":false},"author":1,"featured_media":0,"parent":0,"menu_order":0,"comment_status":"closed","ping_status":"open","template":"","meta":{"footnotes":""},"class_list":["post-3","page","type-page","status-publish","hentry"],"_links":{"self":[{"href":"https:\/\/wattlibre.fr\/index.php\/wp-json\/wp\/v2\/pages\/3","targetHints":{"allow":["GET"]}}],"collection":[{"href":"https:\/\/wattlibre.fr\/index.php\/wp-json\/wp\/v2\/pages"}],"about":[{"href":"https:\/\/wattlibre.fr\/index.php\/wp-json\/wp\/v2\/types\/page"}],"author":[{"embeddable":true,"href":"https:\/\/wattlibre.fr\/index.php\/wp-json\/wp\/v2\/users\/1"}],"replies":[{"embeddable":true,"href":"https:\/\/wattlibre.fr\/index.php\/wp-json\/wp\/v2\/comments?post=3"}],"version-history":[{"count":1,"href":"https:\/\/wattlibre.fr\/index.php\/wp-json\/wp\/v2\/pages\/3\/revisions"}],"predecessor-version":[{"id":89,"href":"https:\/\/wattlibre.fr\/index.php\/wp-json\/wp\/v2\/pages\/3\/revisions\/89"}],"wp:attachment":[{"href":"https:\/\/wattlibre.fr\/index.php\/wp-json\/wp\/v2\/media?parent=3"}],"curies":[{"name":"wp","href":"https:\/\/api.w.org\/{rel}","templated":true}]}}